{"id":200,"date":"2021-10-11T00:36:20","date_gmt":"2021-10-10T21:36:20","guid":{"rendered":"https:\/\/mkyambalaj.com.tr\/?page_id=200"},"modified":"2021-10-11T00:46:45","modified_gmt":"2021-10-10T21:46:45","slug":"ozel-tasarim-kutular","status":"publish","type":"page","link":"https:\/\/mkyambalaj.com.tr\/index.php\/ozel-tasarim-kutular\/","title":{"rendered":"\u00d6zel Tasar\u0131m Kutular"},"content":{"rendered":"<p>[vc_row css=&#8221;.vc_custom_1633896746268{margin-bottom: 150px !important;}&#8221;][vc_column][la_block id=&#8221;178&#8243;][\/vc_column][\/vc_row][vc_section][vc_row][vc_column width=&#8221;1\/4&#8243;][vc_wp_custommenu title=&#8221;Hizmetlerimiz&#8221; nav_menu=&#8221;3&#8243;][\/vc_column][vc_column width=&#8221;3\/4&#8243;][vc_custom_heading source=&#8221;post_title&#8221; font_container=&#8221;tag:h2|font_size:60|text_align:left&#8221; google_fonts=&#8221;font_family:Montserrat%3Aregular%2C700|font_style:700%20bold%20regular%3A700%3Anormal&#8221; css_animation=&#8221;slideInUp&#8221;][vc_column_text]Firmalar\u0131n \u00fcr\u00fcnlerini sergilerken g\u00f6ze ilk \u00e7arpan ambalaj\u0131d\u0131r. Ambalaj \u00f6zel tasar\u0131mlarla \u00fcr\u00fcn\u00fcn istenilen niteli\u011fini \u00f6n plana \u00e7\u0131kart\u0131r. Bu \u00fcr\u00fcn sat\u0131\u015f potansiyelini artt\u0131r. \u00dcr\u00fcn\u00fcn istiflenmesi de veya kutu i\u00e7 sergide planlanan kutu tasar\u0131m\u0131 da \u00fcr\u00fcn\u00fc istenilen niteli\u011fini \u00f6n plana \u00e7\u0131kart\u0131r.[\/vc_column_text][vc_gallery interval=&#8221;3&#8243; images=&#8221;118,202,159&#8243; img_size=&#8221;800&#215;600&#8243;][\/vc_column][\/vc_row][\/vc_section]<\/p>\n","protected":false},"excerpt":{"rendered":"<p>[vc_row css=&#8221;.vc_custom_1633896746268{margin-bottom: 150px !important;}&#8221;][vc_column][la_block id=&#8221;178&#8243;][\/vc_column][\/vc_row][vc_section][vc_row][vc_column width=&#8221;1\/4&#8243;][vc_wp_custommenu title=&#8221;Hizmetlerimiz&#8221; nav_menu=&#8221;3&#8243;][\/vc_column][vc_column width=&#8221;3\/4&#8243;][vc_custom_heading source=&#8221;post_title&#8221; font_container=&#8221;tag:h2|font_size:60|text_align:left&#8221; google_fonts=&#8221;font_family:Montserrat%3Aregular%2C700|font_style:700%20bold%20regular%3A700%3Anormal&#8221; css_animation=&#8221;slideInUp&#8221;][vc_column_text]Firmalar\u0131n \u00fcr\u00fcnlerini sergilerken g\u00f6ze ilk \u00e7arpan ambalaj\u0131d\u0131r. Ambalaj \u00f6zel tasar\u0131mlarla \u00fcr\u00fcn\u00fcn istenilen niteli\u011fini \u00f6n plana \u00e7\u0131kart\u0131r. Bu \u00fcr\u00fcn sat\u0131\u015f potansiyelini artt\u0131r. \u00dcr\u00fcn\u00fcn istiflenmesi de veya kutu i\u00e7 sergide planlanan kutu tasar\u0131m\u0131 da \u00fcr\u00fcn\u00fc istenilen niteli\u011fini \u00f6n plana \u00e7\u0131kart\u0131r.[\/vc_column_text][vc_gallery interval=&#8221;3&#8243; images=&#8221;118,202,159&#8243; img_size=&#8221;800&#215;600&#8243;][\/vc_column][\/vc_row][\/vc_section]<\/p>\n","protected":false},"author":1,"featured_media":0,"parent":0,"menu_order":0,"comment_status":"closed","ping_status":"closed","template":"","meta":{"footnotes":""},"class_list":["post-200","page","type-page","status-publish","hentry"],"yoast_head":"<!-- This site is optimized with the Yoast SEO plugin v17.3 - https:\/\/yoast.com\/wordpress\/plugins\/seo\/ -->\n<title>\u00d6zel Tasar\u0131m Kutular - MKY Group - Ambalaj<\/title>\n<meta name=\"robots\" content=\"noindex, follow, max-snippet:-1, max-image-preview:large, max-video-preview:-1\" \/>\n<meta property=\"og:locale\" content=\"tr_TR\" \/>\n<meta property=\"og:type\" content=\"article\" \/>\n<meta property=\"og:title\" content=\"\u00d6zel Tasar\u0131m Kutular - MKY Group - Ambalaj\" \/>\n<meta property=\"og:description\" content=\"[vc_row css=&#8221;.vc_custom_1633896746268{margin-bottom: 150px !important;}&#8221;][vc_column][la_block id=&#8221;178&#8243;][\/vc_column][\/vc_row][vc_section][vc_row][vc_column width=&#8221;1\/4&#8243;][vc_wp_custommenu title=&#8221;Hizmetlerimiz&#8221; nav_menu=&#8221;3&#8243;][\/vc_column][vc_column width=&#8221;3\/4&#8243;][vc_custom_heading source=&#8221;post_title&#8221; font_container=&#8221;tag:h2|font_size:60|text_align:left&#8221; google_fonts=&#8221;font_family:Montserrat%3Aregular%2C700|font_style:700%20bold%20regular%3A700%3Anormal&#8221; css_animation=&#8221;slideInUp&#8221;][vc_column_text]Firmalar\u0131n \u00fcr\u00fcnlerini sergilerken g\u00f6ze ilk \u00e7arpan ambalaj\u0131d\u0131r. Ambalaj \u00f6zel tasar\u0131mlarla \u00fcr\u00fcn\u00fcn istenilen niteli\u011fini \u00f6n plana \u00e7\u0131kart\u0131r. Bu \u00fcr\u00fcn sat\u0131\u015f potansiyelini artt\u0131r. \u00dcr\u00fcn\u00fcn istiflenmesi de veya kutu i\u00e7 sergide planlanan kutu tasar\u0131m\u0131 da \u00fcr\u00fcn\u00fc istenilen niteli\u011fini \u00f6n plana \u00e7\u0131kart\u0131r.[\/vc_column_text][vc_gallery interval=&#8221;3&#8243; images=&#8221;118,202,159&#8243; img_size=&#8221;800&#215;600&#8243;][\/vc_column][\/vc_row][\/vc_section]\" \/>\n<meta property=\"og:url\" content=\"https:\/\/mkyambalaj.com.tr\/index.php\/ozel-tasarim-kutular\/\" \/>\n<meta property=\"og:site_name\" content=\"MKY Group - Ambalaj\" \/>\n<meta property=\"article:modified_time\" content=\"2021-10-10T21:46:45+00:00\" \/>\n<meta name=\"twitter:card\" content=\"summary_large_image\" \/>\n<meta name=\"twitter:label1\" content=\"Tahmini okuma s\u00fcresi\" \/>\n\t<meta name=\"twitter:data1\" content=\"1 dakika\" \/>\n<script type=\"application\/ld+json\" class=\"yoast-schema-graph\">{\"@context\":\"https:\/\/schema.org\",\"@graph\":[{\"@type\":\"WebSite\",\"@id\":\"https:\/\/mkyambalaj.com.tr\/#website\",\"url\":\"https:\/\/mkyambalaj.com.tr\/\",\"name\":\"MKY Group - Ambalaj\",\"description\":\"Bir ba\\u015fka WordPress sitesi\",\"potentialAction\":[{\"@type\":\"SearchAction\",\"target\":{\"@type\":\"EntryPoint\",\"urlTemplate\":\"https:\/\/mkyambalaj.com.tr\/?s={search_term_string}\"},\"query-input\":\"required name=search_term_string\"}],\"inLanguage\":\"tr\"},{\"@type\":\"WebPage\",\"@id\":\"https:\/\/mkyambalaj.com.tr\/index.php\/ozel-tasarim-kutular\/#webpage\",\"url\":\"https:\/\/mkyambalaj.com.tr\/index.php\/ozel-tasarim-kutular\/\",\"name\":\"\\u00d6zel Tasar\\u0131m Kutular - MKY Group - Ambalaj\",\"isPartOf\":{\"@id\":\"https:\/\/mkyambalaj.com.tr\/#website\"},\"datePublished\":\"2021-10-10T21:36:20+00:00\",\"dateModified\":\"2021-10-10T21:46:45+00:00\",\"breadcrumb\":{\"@id\":\"https:\/\/mkyambalaj.com.tr\/index.php\/ozel-tasarim-kutular\/#breadcrumb\"},\"inLanguage\":\"tr\",\"potentialAction\":[{\"@type\":\"ReadAction\",\"target\":[\"https:\/\/mkyambalaj.com.tr\/index.php\/ozel-tasarim-kutular\/\"]}]},{\"@type\":\"BreadcrumbList\",\"@id\":\"https:\/\/mkyambalaj.com.tr\/index.php\/ozel-tasarim-kutular\/#breadcrumb\",\"itemListElement\":[{\"@type\":\"ListItem\",\"position\":1,\"name\":\"Anasayfa\",\"item\":\"https:\/\/mkyambalaj.com.tr\/\"},{\"@type\":\"ListItem\",\"position\":2,\"name\":\"\\u00d6zel Tasar\\u0131m Kutular\"}]}]}<\/script>\n<!-- \/ Yoast SEO plugin. -->","yoast_head_json":{"title":"\u00d6zel Tasar\u0131m Kutular - MKY Group - Ambalaj","robots":{"index":"noindex","follow":"follow","max-snippet":"max-snippet:-1","max-image-preview":"max-image-preview:large","max-video-preview":"max-video-preview:-1"},"og_locale":"tr_TR","og_type":"article","og_title":"\u00d6zel Tasar\u0131m Kutular - MKY Group - Ambalaj","og_description":"[vc_row css=&#8221;.vc_custom_1633896746268{margin-bottom: 150px !important;}&#8221;][vc_column][la_block id=&#8221;178&#8243;][\/vc_column][\/vc_row][vc_section][vc_row][vc_column width=&#8221;1\/4&#8243;][vc_wp_custommenu title=&#8221;Hizmetlerimiz&#8221; nav_menu=&#8221;3&#8243;][\/vc_column][vc_column width=&#8221;3\/4&#8243;][vc_custom_heading source=&#8221;post_title&#8221; font_container=&#8221;tag:h2|font_size:60|text_align:left&#8221; google_fonts=&#8221;font_family:Montserrat%3Aregular%2C700|font_style:700%20bold%20regular%3A700%3Anormal&#8221; css_animation=&#8221;slideInUp&#8221;][vc_column_text]Firmalar\u0131n \u00fcr\u00fcnlerini sergilerken g\u00f6ze ilk \u00e7arpan ambalaj\u0131d\u0131r. Ambalaj \u00f6zel tasar\u0131mlarla \u00fcr\u00fcn\u00fcn istenilen niteli\u011fini \u00f6n plana \u00e7\u0131kart\u0131r. Bu \u00fcr\u00fcn sat\u0131\u015f potansiyelini artt\u0131r. \u00dcr\u00fcn\u00fcn istiflenmesi de veya kutu i\u00e7 sergide planlanan kutu tasar\u0131m\u0131 da \u00fcr\u00fcn\u00fc istenilen niteli\u011fini \u00f6n plana \u00e7\u0131kart\u0131r.[\/vc_column_text][vc_gallery interval=&#8221;3&#8243; images=&#8221;118,202,159&#8243; img_size=&#8221;800&#215;600&#8243;][\/vc_column][\/vc_row][\/vc_section]","og_url":"https:\/\/mkyambalaj.com.tr\/index.php\/ozel-tasarim-kutular\/","og_site_name":"MKY Group - Ambalaj","article_modified_time":"2021-10-10T21:46:45+00:00","twitter_card":"summary_large_image","twitter_misc":{"Tahmini okuma s\u00fcresi":"1 dakika"},"schema":{"@context":"https:\/\/schema.org","@graph":[{"@type":"WebSite","@id":"https:\/\/mkyambalaj.com.tr\/#website","url":"https:\/\/mkyambalaj.com.tr\/","name":"MKY Group - Ambalaj","description":"Bir ba\u015fka WordPress sitesi","potentialAction":[{"@type":"SearchAction","target":{"@type":"EntryPoint","urlTemplate":"https:\/\/mkyambalaj.com.tr\/?s={search_term_string}"},"query-input":"required name=search_term_string"}],"inLanguage":"tr"},{"@type":"WebPage","@id":"https:\/\/mkyambalaj.com.tr\/index.php\/ozel-tasarim-kutular\/#webpage","url":"https:\/\/mkyambalaj.com.tr\/index.php\/ozel-tasarim-kutular\/","name":"\u00d6zel Tasar\u0131m Kutular - MKY Group - Ambalaj","isPartOf":{"@id":"https:\/\/mkyambalaj.com.tr\/#website"},"datePublished":"2021-10-10T21:36:20+00:00","dateModified":"2021-10-10T21:46:45+00:00","breadcrumb":{"@id":"https:\/\/mkyambalaj.com.tr\/index.php\/ozel-tasarim-kutular\/#breadcrumb"},"inLanguage":"tr","potentialAction":[{"@type":"ReadAction","target":["https:\/\/mkyambalaj.com.tr\/index.php\/ozel-tasarim-kutular\/"]}]},{"@type":"BreadcrumbList","@id":"https:\/\/mkyambalaj.com.tr\/index.php\/ozel-tasarim-kutular\/#breadcrumb","itemListElement":[{"@type":"ListItem","position":1,"name":"Anasayfa","item":"https:\/\/mkyambalaj.com.tr\/"},{"@type":"ListItem","position":2,"name":"\u00d6zel Tasar\u0131m Kutular"}]}]}},"_links":{"self":[{"href":"https:\/\/mkyambalaj.com.tr\/index.php\/wp-json\/wp\/v2\/pages\/200","targetHints":{"allow":["GET"]}}],"collection":[{"href":"https:\/\/mkyambalaj.com.tr\/index.php\/wp-json\/wp\/v2\/pages"}],"about":[{"href":"https:\/\/mkyambalaj.com.tr\/index.php\/wp-json\/wp\/v2\/types\/page"}],"author":[{"embeddable":true,"href":"https:\/\/mkyambalaj.com.tr\/index.php\/wp-json\/wp\/v2\/users\/1"}],"replies":[{"embeddable":true,"href":"https:\/\/mkyambalaj.com.tr\/index.php\/wp-json\/wp\/v2\/comments?post=200"}],"version-history":[{"count":3,"href":"https:\/\/mkyambalaj.com.tr\/index.php\/wp-json\/wp\/v2\/pages\/200\/revisions"}],"predecessor-version":[{"id":204,"href":"https:\/\/mkyambalaj.com.tr\/index.php\/wp-json\/wp\/v2\/pages\/200\/revisions\/204"}],"wp:attachment":[{"href":"https:\/\/mkyambalaj.com.tr\/index.php\/wp-json\/wp\/v2\/media?parent=200"}],"curies":[{"name":"wp","href":"https:\/\/api.w.org\/{rel}","templated":true}]}}