{"id":17,"date":"2021-09-30T00:45:33","date_gmt":"2021-09-29T21:45:33","guid":{"rendered":"https:\/\/mkyambalaj.com.tr\/?page_id=17"},"modified":"2021-10-12T00:21:18","modified_gmt":"2021-10-11T21:21:18","slug":"hizmetlerimiz","status":"publish","type":"page","link":"https:\/\/mkyambalaj.com.tr\/index.php\/hizmetlerimiz\/","title":{"rendered":"Hizmetlerimiz"},"content":{"rendered":"<p>[vc_row full_width=&#8221;stretch_row_content_no_spaces&#8221; equal_height=&#8221;yes&#8221; content_placement=&#8221;bottom&#8221; el_class=&#8221;kapsul&#8221; css=&#8221;.vc_custom_1633981970660{margin-bottom: 150px !important;}&#8221;][vc_column]<div class='la_parallax_row js-el' data-bg-align='' data-direction='up' data-opacity='100' data-velocity='-0' data-mobile-enabled='' data-bg-height='761' data-bg-width='1920' data-bg-image='https:\/\/mkyambalaj.com.tr\/wp-content\/uploads\/2021\/10\/img10.jpg' data-bg-repeat='false' data-id='' data-la_component='ParallaxRow' style='display: none'><\/div>[la_block id=&#8221;144&#8243;][la_divider height=&#8221;lg:300px;&#8221;][vc_custom_heading text=&#8221;Hizmetlerimiz&#8221; font_container=&#8221;tag:h1|font_size:160|text_align:center|color:%23ffffff&#8221; google_fonts=&#8221;font_family:Montserrat%3Aregular%2C700|font_style:700%20bold%20regular%3A700%3Anormal&#8221; css_animation=&#8221;slideInUp&#8221; el_class=&#8221;title-bar&#8221;][vc_single_image image=&#8221;37&#8243; img_size=&#8221;medium&#8221; alignment=&#8221;right&#8221; css_animation=&#8221;slideInUp&#8221; el_class=&#8221;header-logo&#8221;][\/vc_column][\/vc_row][vc_section][vc_row][vc_column width=&#8221;1\/4&#8243;][vc_wp_custommenu title=&#8221;Hizmetlerimiz&#8221; nav_menu=&#8221;3&#8243;][\/vc_column][vc_column width=&#8221;3\/4&#8243;][vc_custom_heading source=&#8221;post_title&#8221; font_container=&#8221;tag:h2|font_size:60|text_align:left&#8221; google_fonts=&#8221;font_family:Montserrat%3Aregular%2C700|font_style:700%20bold%20regular%3A700%3Anormal&#8221; css_animation=&#8221;slideInUp&#8221;][vc_column_text]Hayat\u0131n her noktas\u0131nda ambalaj sekt\u00f6r\u00fcn\u00fcn \u00fcr\u00fcnlerine kar\u015f\u0131la\u015fmaktay\u0131z. G\u0131dada hijyenik ambalaj, Sanayide lojistik ambalaj, End\u00fcstride muhafaza ambalaj gibi s\u0131ralanabilir. #hayat\u0131nheralan\u0131nnda . Her \u00fcr\u00fcn i\u00e7in ambalaja farkl\u0131 i\u015flevsellik g\u00f6revi y\u00fcklenmektedir, korumas\u0131, ta\u015f\u0131may\u0131 kolayla\u015ft\u0131rmas\u0131, muhafaza etmesi gibi. Ambalaj \u00fcr\u00fcnlerde i\u015flevsellik kadar tasar\u0131m\u0131 da \u00f6nem arz etmektedir. Tasar\u0131m firmalar\u0131n sat\u0131\u015f politikalar\u0131 ve\u00a0 firma tan\u0131n\u0131rl\u0131\u011f\u0131 gibi itibarl\u0131 sat\u0131\u015f oran\u0131n\u0131 artt\u0131rmaktad\u0131r. Bu durum sizin net sat\u0131\u015f piyasada tan\u0131n\u0131rl\u0131\u011f\u0131 artt\u0131rma ile do\u011fru orant\u0131da artmaktad\u0131r.[\/vc_column_text][\/vc_column][\/vc_row][\/vc_section]<\/p>\n","protected":false},"excerpt":{"rendered":"<p>[vc_row full_width=&#8221;stretch_row_content_no_spaces&#8221; equal_height=&#8221;yes&#8221; content_placement=&#8221;bottom&#8221; el_class=&#8221;kapsul&#8221; css=&#8221;.vc_custom_1633981970660{margin-bottom: 150px !important;}&#8221;][vc_column][la_block id=&#8221;144&#8243;][la_divider height=&#8221;lg:300px;&#8221;][vc_custom_heading text=&#8221;Hizmetlerimiz&#8221; font_container=&#8221;tag:h1|font_size:160|text_align:center|color:%23ffffff&#8221; google_fonts=&#8221;font_family:Montserrat%3Aregular%2C700|font_style:700%20bold%20regular%3A700%3Anormal&#8221; css_animation=&#8221;slideInUp&#8221; el_class=&#8221;title-bar&#8221;][vc_single_image image=&#8221;37&#8243; img_size=&#8221;medium&#8221; alignment=&#8221;right&#8221; css_animation=&#8221;slideInUp&#8221; el_class=&#8221;header-logo&#8221;][\/vc_column][\/vc_row][vc_section][vc_row][vc_column width=&#8221;1\/4&#8243;][vc_wp_custommenu title=&#8221;Hizmetlerimiz&#8221; nav_menu=&#8221;3&#8243;][\/vc_column][vc_column width=&#8221;3\/4&#8243;][vc_custom_heading source=&#8221;post_title&#8221; font_container=&#8221;tag:h2|font_size:60|text_align:left&#8221; google_fonts=&#8221;font_family:Montserrat%3Aregular%2C700|font_style:700%20bold%20regular%3A700%3Anormal&#8221; css_animation=&#8221;slideInUp&#8221;][vc_column_text]Hayat\u0131n her noktas\u0131nda ambalaj sekt\u00f6r\u00fcn\u00fcn \u00fcr\u00fcnlerine kar\u015f\u0131la\u015fmaktay\u0131z. G\u0131dada hijyenik ambalaj, Sanayide lojistik ambalaj, End\u00fcstride muhafaza ambalaj gibi s\u0131ralanabilir. #hayat\u0131nheralan\u0131nnda . Her \u00fcr\u00fcn i\u00e7in ambalaja farkl\u0131 i\u015flevsellik g\u00f6revi y\u00fcklenmektedir, korumas\u0131, ta\u015f\u0131may\u0131 kolayla\u015ft\u0131rmas\u0131, muhafaza etmesi&hellip;<\/p>\n","protected":false},"author":1,"featured_media":0,"parent":0,"menu_order":0,"comment_status":"closed","ping_status":"closed","template":"","meta":{"footnotes":""},"class_list":["post-17","page","type-page","status-publish","hentry"],"yoast_head":"<!-- This site is optimized with the Yoast SEO plugin v17.3 - https:\/\/yoast.com\/wordpress\/plugins\/seo\/ -->\n<title>Hizmetlerimiz - MKY Group - Ambalaj<\/title>\n<meta name=\"robots\" content=\"noindex, follow, max-snippet:-1, max-image-preview:large, max-video-preview:-1\" \/>\n<meta property=\"og:locale\" content=\"tr_TR\" \/>\n<meta property=\"og:type\" content=\"article\" \/>\n<meta property=\"og:title\" content=\"Hizmetlerimiz - MKY Group - Ambalaj\" \/>\n<meta property=\"og:description\" content=\"[vc_row full_width=&#8221;stretch_row_content_no_spaces&#8221; equal_height=&#8221;yes&#8221; content_placement=&#8221;bottom&#8221; el_class=&#8221;kapsul&#8221; css=&#8221;.vc_custom_1633981970660{margin-bottom: 150px !important;}&#8221;][vc_column][la_block id=&#8221;144&#8243;][la_divider height=&#8221;lg:300px;&#8221;][vc_custom_heading text=&#8221;Hizmetlerimiz&#8221; font_container=&#8221;tag:h1|font_size:160|text_align:center|color:%23ffffff&#8221; google_fonts=&#8221;font_family:Montserrat%3Aregular%2C700|font_style:700%20bold%20regular%3A700%3Anormal&#8221; css_animation=&#8221;slideInUp&#8221; el_class=&#8221;title-bar&#8221;][vc_single_image image=&#8221;37&#8243; img_size=&#8221;medium&#8221; alignment=&#8221;right&#8221; css_animation=&#8221;slideInUp&#8221; el_class=&#8221;header-logo&#8221;][\/vc_column][\/vc_row][vc_section][vc_row][vc_column width=&#8221;1\/4&#8243;][vc_wp_custommenu title=&#8221;Hizmetlerimiz&#8221; nav_menu=&#8221;3&#8243;][\/vc_column][vc_column width=&#8221;3\/4&#8243;][vc_custom_heading source=&#8221;post_title&#8221; font_container=&#8221;tag:h2|font_size:60|text_align:left&#8221; google_fonts=&#8221;font_family:Montserrat%3Aregular%2C700|font_style:700%20bold%20regular%3A700%3Anormal&#8221; css_animation=&#8221;slideInUp&#8221;][vc_column_text]Hayat\u0131n her noktas\u0131nda ambalaj sekt\u00f6r\u00fcn\u00fcn \u00fcr\u00fcnlerine kar\u015f\u0131la\u015fmaktay\u0131z. G\u0131dada hijyenik ambalaj, Sanayide lojistik ambalaj, End\u00fcstride muhafaza ambalaj gibi s\u0131ralanabilir. #hayat\u0131nheralan\u0131nnda . Her \u00fcr\u00fcn i\u00e7in ambalaja farkl\u0131 i\u015flevsellik g\u00f6revi y\u00fcklenmektedir, korumas\u0131, ta\u015f\u0131may\u0131 kolayla\u015ft\u0131rmas\u0131, muhafaza etmesi&hellip;\" \/>\n<meta property=\"og:url\" content=\"https:\/\/mkyambalaj.com.tr\/index.php\/hizmetlerimiz\/\" \/>\n<meta property=\"og:site_name\" content=\"MKY Group - Ambalaj\" \/>\n<meta property=\"article:modified_time\" content=\"2021-10-11T21:21:18+00:00\" \/>\n<meta name=\"twitter:card\" content=\"summary_large_image\" \/>\n<meta name=\"twitter:label1\" content=\"Tahmini okuma s\u00fcresi\" \/>\n\t<meta name=\"twitter:data1\" content=\"1 dakika\" \/>\n<script type=\"application\/ld+json\" class=\"yoast-schema-graph\">{\"@context\":\"https:\/\/schema.org\",\"@graph\":[{\"@type\":\"WebSite\",\"@id\":\"https:\/\/mkyambalaj.com.tr\/#website\",\"url\":\"https:\/\/mkyambalaj.com.tr\/\",\"name\":\"MKY Group - Ambalaj\",\"description\":\"Bir ba\\u015fka WordPress sitesi\",\"potentialAction\":[{\"@type\":\"SearchAction\",\"target\":{\"@type\":\"EntryPoint\",\"urlTemplate\":\"https:\/\/mkyambalaj.com.tr\/?s={search_term_string}\"},\"query-input\":\"required name=search_term_string\"}],\"inLanguage\":\"tr\"},{\"@type\":\"WebPage\",\"@id\":\"https:\/\/mkyambalaj.com.tr\/index.php\/hizmetlerimiz\/#webpage\",\"url\":\"https:\/\/mkyambalaj.com.tr\/index.php\/hizmetlerimiz\/\",\"name\":\"Hizmetlerimiz - MKY Group - Ambalaj\",\"isPartOf\":{\"@id\":\"https:\/\/mkyambalaj.com.tr\/#website\"},\"datePublished\":\"2021-09-29T21:45:33+00:00\",\"dateModified\":\"2021-10-11T21:21:18+00:00\",\"breadcrumb\":{\"@id\":\"https:\/\/mkyambalaj.com.tr\/index.php\/hizmetlerimiz\/#breadcrumb\"},\"inLanguage\":\"tr\",\"potentialAction\":[{\"@type\":\"ReadAction\",\"target\":[\"https:\/\/mkyambalaj.com.tr\/index.php\/hizmetlerimiz\/\"]}]},{\"@type\":\"BreadcrumbList\",\"@id\":\"https:\/\/mkyambalaj.com.tr\/index.php\/hizmetlerimiz\/#breadcrumb\",\"itemListElement\":[{\"@type\":\"ListItem\",\"position\":1,\"name\":\"Anasayfa\",\"item\":\"https:\/\/mkyambalaj.com.tr\/\"},{\"@type\":\"ListItem\",\"position\":2,\"name\":\"Hizmetlerimiz\"}]}]}<\/script>\n<!-- \/ Yoast SEO plugin. -->","yoast_head_json":{"title":"Hizmetlerimiz - MKY Group - Ambalaj","robots":{"index":"noindex","follow":"follow","max-snippet":"max-snippet:-1","max-image-preview":"max-image-preview:large","max-video-preview":"max-video-preview:-1"},"og_locale":"tr_TR","og_type":"article","og_title":"Hizmetlerimiz - MKY Group - Ambalaj","og_description":"[vc_row full_width=&#8221;stretch_row_content_no_spaces&#8221; equal_height=&#8221;yes&#8221; content_placement=&#8221;bottom&#8221; el_class=&#8221;kapsul&#8221; css=&#8221;.vc_custom_1633981970660{margin-bottom: 150px !important;}&#8221;][vc_column][la_block id=&#8221;144&#8243;][la_divider height=&#8221;lg:300px;&#8221;][vc_custom_heading text=&#8221;Hizmetlerimiz&#8221; font_container=&#8221;tag:h1|font_size:160|text_align:center|color:%23ffffff&#8221; google_fonts=&#8221;font_family:Montserrat%3Aregular%2C700|font_style:700%20bold%20regular%3A700%3Anormal&#8221; css_animation=&#8221;slideInUp&#8221; el_class=&#8221;title-bar&#8221;][vc_single_image image=&#8221;37&#8243; img_size=&#8221;medium&#8221; alignment=&#8221;right&#8221; css_animation=&#8221;slideInUp&#8221; el_class=&#8221;header-logo&#8221;][\/vc_column][\/vc_row][vc_section][vc_row][vc_column width=&#8221;1\/4&#8243;][vc_wp_custommenu title=&#8221;Hizmetlerimiz&#8221; nav_menu=&#8221;3&#8243;][\/vc_column][vc_column width=&#8221;3\/4&#8243;][vc_custom_heading source=&#8221;post_title&#8221; font_container=&#8221;tag:h2|font_size:60|text_align:left&#8221; google_fonts=&#8221;font_family:Montserrat%3Aregular%2C700|font_style:700%20bold%20regular%3A700%3Anormal&#8221; css_animation=&#8221;slideInUp&#8221;][vc_column_text]Hayat\u0131n her noktas\u0131nda ambalaj sekt\u00f6r\u00fcn\u00fcn \u00fcr\u00fcnlerine kar\u015f\u0131la\u015fmaktay\u0131z. G\u0131dada hijyenik ambalaj, Sanayide lojistik ambalaj, End\u00fcstride muhafaza ambalaj gibi s\u0131ralanabilir. #hayat\u0131nheralan\u0131nnda . Her \u00fcr\u00fcn i\u00e7in ambalaja farkl\u0131 i\u015flevsellik g\u00f6revi y\u00fcklenmektedir, korumas\u0131, ta\u015f\u0131may\u0131 kolayla\u015ft\u0131rmas\u0131, muhafaza etmesi&hellip;","og_url":"https:\/\/mkyambalaj.com.tr\/index.php\/hizmetlerimiz\/","og_site_name":"MKY Group - Ambalaj","article_modified_time":"2021-10-11T21:21:18+00:00","twitter_card":"summary_large_image","twitter_misc":{"Tahmini okuma s\u00fcresi":"1 dakika"},"schema":{"@context":"https:\/\/schema.org","@graph":[{"@type":"WebSite","@id":"https:\/\/mkyambalaj.com.tr\/#website","url":"https:\/\/mkyambalaj.com.tr\/","name":"MKY Group - Ambalaj","description":"Bir ba\u015fka WordPress sitesi","potentialAction":[{"@type":"SearchAction","target":{"@type":"EntryPoint","urlTemplate":"https:\/\/mkyambalaj.com.tr\/?s={search_term_string}"},"query-input":"required name=search_term_string"}],"inLanguage":"tr"},{"@type":"WebPage","@id":"https:\/\/mkyambalaj.com.tr\/index.php\/hizmetlerimiz\/#webpage","url":"https:\/\/mkyambalaj.com.tr\/index.php\/hizmetlerimiz\/","name":"Hizmetlerimiz - MKY Group - Ambalaj","isPartOf":{"@id":"https:\/\/mkyambalaj.com.tr\/#website"},"datePublished":"2021-09-29T21:45:33+00:00","dateModified":"2021-10-11T21:21:18+00:00","breadcrumb":{"@id":"https:\/\/mkyambalaj.com.tr\/index.php\/hizmetlerimiz\/#breadcrumb"},"inLanguage":"tr","potentialAction":[{"@type":"ReadAction","target":["https:\/\/mkyambalaj.com.tr\/index.php\/hizmetlerimiz\/"]}]},{"@type":"BreadcrumbList","@id":"https:\/\/mkyambalaj.com.tr\/index.php\/hizmetlerimiz\/#breadcrumb","itemListElement":[{"@type":"ListItem","position":1,"name":"Anasayfa","item":"https:\/\/mkyambalaj.com.tr\/"},{"@type":"ListItem","position":2,"name":"Hizmetlerimiz"}]}]}},"_links":{"self":[{"href":"https:\/\/mkyambalaj.com.tr\/index.php\/wp-json\/wp\/v2\/pages\/17","targetHints":{"allow":["GET"]}}],"collection":[{"href":"https:\/\/mkyambalaj.com.tr\/index.php\/wp-json\/wp\/v2\/pages"}],"about":[{"href":"https:\/\/mkyambalaj.com.tr\/index.php\/wp-json\/wp\/v2\/types\/page"}],"author":[{"embeddable":true,"href":"https:\/\/mkyambalaj.com.tr\/index.php\/wp-json\/wp\/v2\/users\/1"}],"replies":[{"embeddable":true,"href":"https:\/\/mkyambalaj.com.tr\/index.php\/wp-json\/wp\/v2\/comments?post=17"}],"version-history":[{"count":6,"href":"https:\/\/mkyambalaj.com.tr\/index.php\/wp-json\/wp\/v2\/pages\/17\/revisions"}],"predecessor-version":[{"id":221,"href":"https:\/\/mkyambalaj.com.tr\/index.php\/wp-json\/wp\/v2\/pages\/17\/revisions\/221"}],"wp:attachment":[{"href":"https:\/\/mkyambalaj.com.tr\/index.php\/wp-json\/wp\/v2\/media?parent=17"}],"curies":[{"name":"wp","href":"https:\/\/api.w.org\/{rel}","templated":true}]}}