{"id":15,"date":"2021-09-30T00:45:04","date_gmt":"2021-09-29T21:45:04","guid":{"rendered":"https:\/\/mkyambalaj.com.tr\/?page_id=15"},"modified":"2021-10-09T01:13:15","modified_gmt":"2021-10-08T22:13:15","slug":"hakkimizda","status":"publish","type":"page","link":"https:\/\/mkyambalaj.com.tr\/index.php\/hakkimizda\/","title":{"rendered":"Hakk\u0131m\u0131zda"},"content":{"rendered":"<p>[vc_row full_width=&#8221;stretch_row_content_no_spaces&#8221; equal_height=&#8221;yes&#8221; content_placement=&#8221;bottom&#8221; el_class=&#8221;kapsul&#8221;][vc_column]<div class='la_parallax_row js-el' data-bg-align='' data-direction='up' data-opacity='100' data-velocity='-0' data-mobile-enabled='' data-bg-height='761' data-bg-width='1920' data-bg-image='https:\/\/mkyambalaj.com.tr\/wp-content\/uploads\/2021\/10\/img10.jpg' data-bg-repeat='false' data-id='' data-la_component='ParallaxRow' style='display: none'><\/div>[la_block id=&#8221;144&#8243;][la_divider height=&#8221;lg:300px;&#8221;][vc_custom_heading text=&#8221;Hakk\u0131m\u0131zda&#8221; font_container=&#8221;tag:h1|font_size:160|text_align:center|color:%23ffffff&#8221; google_fonts=&#8221;font_family:Montserrat%3Aregular%2C700|font_style:700%20bold%20regular%3A700%3Anormal&#8221; css_animation=&#8221;slideInUp&#8221; el_class=&#8221;title-bar&#8221;][vc_single_image image=&#8221;37&#8243; img_size=&#8221;medium&#8221; alignment=&#8221;right&#8221; css_animation=&#8221;slideInUp&#8221; el_class=&#8221;header-logo&#8221;][\/vc_column][\/vc_row][vc_row css=&#8221;.vc_custom_1633731006023{margin-top: 150px !important;}&#8221;][vc_column][vc_custom_heading text=&#8221;Biz!&#8221; font_container=&#8221;tag:h1|font_size:60|text_align:left|color:%23212121&#8243; google_fonts=&#8221;font_family:Montserrat%3Aregular%2C700|font_style:700%20bold%20regular%3A700%3Anormal&#8221; css_animation=&#8221;slideInUp&#8221;][vc_column_text css_animation=&#8221;slideInUp&#8221;]<strong>Mky Group Ambalaj olarak, her zaman sizin i\u00e7in en iyisin ve ekonomi\u011fi ne olaca\u011f\u0131na odaklan\u0131yoruz.<\/strong>[\/vc_column_text][vc_column_text css_animation=&#8221;slideInUp&#8221;]Odak noktam\u0131z her zaman m\u00fc\u015fterilere ve b\u00fcy\u00fcmemizi sa\u011flayan yenili\u011fe g\u00fc\u00e7l\u00fc bir ba\u011fl\u0131l\u0131kt\u0131r. Her g\u00fcn yeni zorluklarla kar\u015f\u0131la\u015f\u0131yoruz ve bir sonraki zorlu\u011fun \u00fcstesinden gelmemize yard\u0131mc\u0131 olacak de\u011ferli bilgiler ediniyoruz.<\/p>\n<p>Uzman personellerimiz, bizim i\u015fimize oldu\u011fu kadar sizin i\u015finize de ba\u011fl\u0131d\u0131r. Ger\u00e7ek m\u00fc\u015fteri ortakl\u0131klar\u0131 bunun \u00fczerine kuruludur.[\/vc_column_text][\/vc_column][\/vc_row][vc_row css=&#8221;.vc_custom_1633726578169{margin-top: 150px !important;}&#8221;][vc_column width=&#8221;1\/2&#8243;][vc_custom_heading text=&#8221;Kalite Bir Adanm\u0131\u015fl\u0131k ve \u0130\u015f Eti\u011fi Meselesidir&#8221; font_container=&#8221;tag:h2|font_size:60|text_align:left|color:%23212121&#8243; google_fonts=&#8221;font_family:Montserrat%3Aregular%2C700|font_style:700%20bold%20regular%3A700%3Anormal&#8221; css_animation=&#8221;slideInUp&#8221;][vc_separator color=&#8221;custom&#8221; align=&#8221;align_left&#8221; border_width=&#8221;5&#8243; el_width=&#8221;20&#8243; css_animation=&#8221;slideInUp&#8221; accent_color=&#8221;#51c4f1&#8243; css=&#8221;.vc_custom_1633727550830{padding-top: 35px !important;padding-bottom: 35px !important;}&#8221;][vc_column_text css_animation=&#8221;slideInUp&#8221;]<\/p>\n<p style=\"text-align: justify;\"><strong>Mky Ambalaj<\/strong>, yarat\u0131c\u0131 tasar\u0131m\u0131, ambalaj markalamas\u0131 ve ambalaj imalat\u0131n\u0131n benzersiz bir kar\u0131\u015f\u0131m\u0131n\u0131 sunan \u015firketimizle, s\u00fcrecin t\u00fcm a\u015famalar\u0131nda kalite i\u00e7in \u00e7al\u0131\u015f\u0131yoruz! \u0130\u015f faaliyetlerimizde her zaman d\u00fcr\u00fcstl\u00fck ve g\u00fcvenebilirli\u011fin faaliyetimizin temelini olu\u015fturan i\u015f ilkelerini takip ederiz. Operasyonel m\u00fckemmelli\u011fi sa\u011flamak ve ola\u011fan\u00fcst\u00fc m\u00fc\u015fteri hizmetleri ile kaliteli \u00fcr\u00fcnler sunmak i\u00e7in &#8220;ilk seferde do\u011fru&#8221; yakla\u015f\u0131m\u0131n\u0131 benimsiyoruz.<\/p>\n<p style=\"text-align: justify;\">Yarat\u0131c\u0131 d\u00fc\u015f\u00fcnce, bir markay\u0131 \u00f6nde, di\u011fer markay\u0131 geride tutan \u015feydir\u2026 Yenilik ve teknik evrim, hedefledi\u011fimiz \u015feydir. \u00dcretim ve tasar\u0131m s\u00fcre\u00e7lerimizin i\u015f ak\u0131\u015f\u0131n\u0131 s\u00fcrekli iyile\u015ftirme taahh\u00fcd\u00fcm\u00fcz, m\u00fc\u015fterilerimizin i\u015flerine ger\u00e7ek de\u011fer katan \u00e7\u00f6z\u00fcmler sunarken son derece rekabet\u00e7i olmam\u0131z\u0131 sa\u011flar.<\/p>\n<p>[\/vc_column_text][\/vc_column][vc_column width=&#8221;1\/2&#8243; css=&#8221;.vc_custom_1633730614926{padding-top: 100px !important;}&#8221;][vc_single_image image=&#8221;159&#8243; img_size=&#8221;full&#8221; add_caption=&#8221;yes&#8221; alignment=&#8221;center&#8221; css_animation=&#8221;slideInUp&#8221;][\/vc_column][\/vc_row]<\/p>\n","protected":false},"excerpt":{"rendered":"<p>[vc_row full_width=&#8221;stretch_row_content_no_spaces&#8221; equal_height=&#8221;yes&#8221; content_placement=&#8221;bottom&#8221; el_class=&#8221;kapsul&#8221;][vc_column][la_block id=&#8221;144&#8243;][la_divider height=&#8221;lg:300px;&#8221;][vc_custom_heading text=&#8221;Hakk\u0131m\u0131zda&#8221; font_container=&#8221;tag:h1|font_size:160|text_align:center|color:%23ffffff&#8221; google_fonts=&#8221;font_family:Montserrat%3Aregular%2C700|font_style:700%20bold%20regular%3A700%3Anormal&#8221; css_animation=&#8221;slideInUp&#8221; el_class=&#8221;title-bar&#8221;][vc_single_image image=&#8221;37&#8243; img_size=&#8221;medium&#8221; alignment=&#8221;right&#8221; css_animation=&#8221;slideInUp&#8221; el_class=&#8221;header-logo&#8221;][\/vc_column][\/vc_row][vc_row css=&#8221;.vc_custom_1633731006023{margin-top: 150px !important;}&#8221;][vc_column][vc_custom_heading text=&#8221;Biz!&#8221; font_container=&#8221;tag:h1|font_size:60|text_align:left|color:%23212121&#8243; google_fonts=&#8221;font_family:Montserrat%3Aregular%2C700|font_style:700%20bold%20regular%3A700%3Anormal&#8221; css_animation=&#8221;slideInUp&#8221;][vc_column_text css_animation=&#8221;slideInUp&#8221;]Mky Group Ambalaj olarak, her zaman sizin i\u00e7in en iyisin ve ekonomi\u011fi ne olaca\u011f\u0131na odaklan\u0131yoruz.[\/vc_column_text][vc_column_text css_animation=&#8221;slideInUp&#8221;]Odak noktam\u0131z her zaman m\u00fc\u015fterilere ve b\u00fcy\u00fcmemizi sa\u011flayan yenili\u011fe g\u00fc\u00e7l\u00fc bir ba\u011fl\u0131l\u0131kt\u0131r. Her g\u00fcn yeni zorluklarla kar\u015f\u0131la\u015f\u0131yoruz ve bir sonraki zorlu\u011fun&hellip;<\/p>\n","protected":false},"author":1,"featured_media":0,"parent":0,"menu_order":0,"comment_status":"closed","ping_status":"closed","template":"","meta":{"footnotes":""},"class_list":["post-15","page","type-page","status-publish","hentry"],"yoast_head":"<!-- This site is optimized with the Yoast SEO plugin v17.3 - https:\/\/yoast.com\/wordpress\/plugins\/seo\/ -->\n<title>Hakk\u0131m\u0131zda - MKY Group - Ambalaj<\/title>\n<meta name=\"robots\" content=\"noindex, follow, max-snippet:-1, max-image-preview:large, max-video-preview:-1\" \/>\n<meta property=\"og:locale\" content=\"tr_TR\" \/>\n<meta property=\"og:type\" content=\"article\" \/>\n<meta property=\"og:title\" content=\"Hakk\u0131m\u0131zda - MKY Group - Ambalaj\" \/>\n<meta property=\"og:description\" content=\"[vc_row full_width=&#8221;stretch_row_content_no_spaces&#8221; equal_height=&#8221;yes&#8221; content_placement=&#8221;bottom&#8221; el_class=&#8221;kapsul&#8221;][vc_column][la_block id=&#8221;144&#8243;][la_divider height=&#8221;lg:300px;&#8221;][vc_custom_heading text=&#8221;Hakk\u0131m\u0131zda&#8221; font_container=&#8221;tag:h1|font_size:160|text_align:center|color:%23ffffff&#8221; google_fonts=&#8221;font_family:Montserrat%3Aregular%2C700|font_style:700%20bold%20regular%3A700%3Anormal&#8221; css_animation=&#8221;slideInUp&#8221; el_class=&#8221;title-bar&#8221;][vc_single_image image=&#8221;37&#8243; img_size=&#8221;medium&#8221; alignment=&#8221;right&#8221; css_animation=&#8221;slideInUp&#8221; el_class=&#8221;header-logo&#8221;][\/vc_column][\/vc_row][vc_row css=&#8221;.vc_custom_1633731006023{margin-top: 150px !important;}&#8221;][vc_column][vc_custom_heading text=&#8221;Biz!&#8221; font_container=&#8221;tag:h1|font_size:60|text_align:left|color:%23212121&#8243; google_fonts=&#8221;font_family:Montserrat%3Aregular%2C700|font_style:700%20bold%20regular%3A700%3Anormal&#8221; css_animation=&#8221;slideInUp&#8221;][vc_column_text css_animation=&#8221;slideInUp&#8221;]Mky Group Ambalaj olarak, her zaman sizin i\u00e7in en iyisin ve ekonomi\u011fi ne olaca\u011f\u0131na odaklan\u0131yoruz.[\/vc_column_text][vc_column_text css_animation=&#8221;slideInUp&#8221;]Odak noktam\u0131z her zaman m\u00fc\u015fterilere ve b\u00fcy\u00fcmemizi sa\u011flayan yenili\u011fe g\u00fc\u00e7l\u00fc bir ba\u011fl\u0131l\u0131kt\u0131r. Her g\u00fcn yeni zorluklarla kar\u015f\u0131la\u015f\u0131yoruz ve bir sonraki zorlu\u011fun&hellip;\" \/>\n<meta property=\"og:url\" content=\"https:\/\/mkyambalaj.com.tr\/index.php\/hakkimizda\/\" \/>\n<meta property=\"og:site_name\" content=\"MKY Group - Ambalaj\" \/>\n<meta property=\"article:modified_time\" content=\"2021-10-08T22:13:15+00:00\" \/>\n<meta name=\"twitter:card\" content=\"summary_large_image\" \/>\n<meta name=\"twitter:label1\" content=\"Tahmini okuma s\u00fcresi\" \/>\n\t<meta name=\"twitter:data1\" content=\"1 dakika\" \/>\n<script type=\"application\/ld+json\" class=\"yoast-schema-graph\">{\"@context\":\"https:\/\/schema.org\",\"@graph\":[{\"@type\":\"WebSite\",\"@id\":\"https:\/\/mkyambalaj.com.tr\/#website\",\"url\":\"https:\/\/mkyambalaj.com.tr\/\",\"name\":\"MKY Group - Ambalaj\",\"description\":\"Bir ba\\u015fka WordPress sitesi\",\"potentialAction\":[{\"@type\":\"SearchAction\",\"target\":{\"@type\":\"EntryPoint\",\"urlTemplate\":\"https:\/\/mkyambalaj.com.tr\/?s={search_term_string}\"},\"query-input\":\"required name=search_term_string\"}],\"inLanguage\":\"tr\"},{\"@type\":\"WebPage\",\"@id\":\"https:\/\/mkyambalaj.com.tr\/index.php\/hakkimizda\/#webpage\",\"url\":\"https:\/\/mkyambalaj.com.tr\/index.php\/hakkimizda\/\",\"name\":\"Hakk\\u0131m\\u0131zda - MKY Group - Ambalaj\",\"isPartOf\":{\"@id\":\"https:\/\/mkyambalaj.com.tr\/#website\"},\"datePublished\":\"2021-09-29T21:45:04+00:00\",\"dateModified\":\"2021-10-08T22:13:15+00:00\",\"breadcrumb\":{\"@id\":\"https:\/\/mkyambalaj.com.tr\/index.php\/hakkimizda\/#breadcrumb\"},\"inLanguage\":\"tr\",\"potentialAction\":[{\"@type\":\"ReadAction\",\"target\":[\"https:\/\/mkyambalaj.com.tr\/index.php\/hakkimizda\/\"]}]},{\"@type\":\"BreadcrumbList\",\"@id\":\"https:\/\/mkyambalaj.com.tr\/index.php\/hakkimizda\/#breadcrumb\",\"itemListElement\":[{\"@type\":\"ListItem\",\"position\":1,\"name\":\"Anasayfa\",\"item\":\"https:\/\/mkyambalaj.com.tr\/\"},{\"@type\":\"ListItem\",\"position\":2,\"name\":\"Hakk\\u0131m\\u0131zda\"}]}]}<\/script>\n<!-- \/ Yoast SEO plugin. -->","yoast_head_json":{"title":"Hakk\u0131m\u0131zda - MKY Group - Ambalaj","robots":{"index":"noindex","follow":"follow","max-snippet":"max-snippet:-1","max-image-preview":"max-image-preview:large","max-video-preview":"max-video-preview:-1"},"og_locale":"tr_TR","og_type":"article","og_title":"Hakk\u0131m\u0131zda - MKY Group - Ambalaj","og_description":"[vc_row full_width=&#8221;stretch_row_content_no_spaces&#8221; equal_height=&#8221;yes&#8221; content_placement=&#8221;bottom&#8221; el_class=&#8221;kapsul&#8221;][vc_column][la_block id=&#8221;144&#8243;][la_divider height=&#8221;lg:300px;&#8221;][vc_custom_heading text=&#8221;Hakk\u0131m\u0131zda&#8221; font_container=&#8221;tag:h1|font_size:160|text_align:center|color:%23ffffff&#8221; google_fonts=&#8221;font_family:Montserrat%3Aregular%2C700|font_style:700%20bold%20regular%3A700%3Anormal&#8221; css_animation=&#8221;slideInUp&#8221; el_class=&#8221;title-bar&#8221;][vc_single_image image=&#8221;37&#8243; img_size=&#8221;medium&#8221; alignment=&#8221;right&#8221; css_animation=&#8221;slideInUp&#8221; el_class=&#8221;header-logo&#8221;][\/vc_column][\/vc_row][vc_row css=&#8221;.vc_custom_1633731006023{margin-top: 150px !important;}&#8221;][vc_column][vc_custom_heading text=&#8221;Biz!&#8221; font_container=&#8221;tag:h1|font_size:60|text_align:left|color:%23212121&#8243; google_fonts=&#8221;font_family:Montserrat%3Aregular%2C700|font_style:700%20bold%20regular%3A700%3Anormal&#8221; css_animation=&#8221;slideInUp&#8221;][vc_column_text css_animation=&#8221;slideInUp&#8221;]Mky Group Ambalaj olarak, her zaman sizin i\u00e7in en iyisin ve ekonomi\u011fi ne olaca\u011f\u0131na odaklan\u0131yoruz.[\/vc_column_text][vc_column_text css_animation=&#8221;slideInUp&#8221;]Odak noktam\u0131z her zaman m\u00fc\u015fterilere ve b\u00fcy\u00fcmemizi sa\u011flayan yenili\u011fe g\u00fc\u00e7l\u00fc bir ba\u011fl\u0131l\u0131kt\u0131r. Her g\u00fcn yeni zorluklarla kar\u015f\u0131la\u015f\u0131yoruz ve bir sonraki zorlu\u011fun&hellip;","og_url":"https:\/\/mkyambalaj.com.tr\/index.php\/hakkimizda\/","og_site_name":"MKY Group - Ambalaj","article_modified_time":"2021-10-08T22:13:15+00:00","twitter_card":"summary_large_image","twitter_misc":{"Tahmini okuma s\u00fcresi":"1 dakika"},"schema":{"@context":"https:\/\/schema.org","@graph":[{"@type":"WebSite","@id":"https:\/\/mkyambalaj.com.tr\/#website","url":"https:\/\/mkyambalaj.com.tr\/","name":"MKY Group - Ambalaj","description":"Bir ba\u015fka WordPress sitesi","potentialAction":[{"@type":"SearchAction","target":{"@type":"EntryPoint","urlTemplate":"https:\/\/mkyambalaj.com.tr\/?s={search_term_string}"},"query-input":"required name=search_term_string"}],"inLanguage":"tr"},{"@type":"WebPage","@id":"https:\/\/mkyambalaj.com.tr\/index.php\/hakkimizda\/#webpage","url":"https:\/\/mkyambalaj.com.tr\/index.php\/hakkimizda\/","name":"Hakk\u0131m\u0131zda - MKY Group - Ambalaj","isPartOf":{"@id":"https:\/\/mkyambalaj.com.tr\/#website"},"datePublished":"2021-09-29T21:45:04+00:00","dateModified":"2021-10-08T22:13:15+00:00","breadcrumb":{"@id":"https:\/\/mkyambalaj.com.tr\/index.php\/hakkimizda\/#breadcrumb"},"inLanguage":"tr","potentialAction":[{"@type":"ReadAction","target":["https:\/\/mkyambalaj.com.tr\/index.php\/hakkimizda\/"]}]},{"@type":"BreadcrumbList","@id":"https:\/\/mkyambalaj.com.tr\/index.php\/hakkimizda\/#breadcrumb","itemListElement":[{"@type":"ListItem","position":1,"name":"Anasayfa","item":"https:\/\/mkyambalaj.com.tr\/"},{"@type":"ListItem","position":2,"name":"Hakk\u0131m\u0131zda"}]}]}},"_links":{"self":[{"href":"https:\/\/mkyambalaj.com.tr\/index.php\/wp-json\/wp\/v2\/pages\/15","targetHints":{"allow":["GET"]}}],"collection":[{"href":"https:\/\/mkyambalaj.com.tr\/index.php\/wp-json\/wp\/v2\/pages"}],"about":[{"href":"https:\/\/mkyambalaj.com.tr\/index.php\/wp-json\/wp\/v2\/types\/page"}],"author":[{"embeddable":true,"href":"https:\/\/mkyambalaj.com.tr\/index.php\/wp-json\/wp\/v2\/users\/1"}],"replies":[{"embeddable":true,"href":"https:\/\/mkyambalaj.com.tr\/index.php\/wp-json\/wp\/v2\/comments?post=15"}],"version-history":[{"count":27,"href":"https:\/\/mkyambalaj.com.tr\/index.php\/wp-json\/wp\/v2\/pages\/15\/revisions"}],"predecessor-version":[{"id":164,"href":"https:\/\/mkyambalaj.com.tr\/index.php\/wp-json\/wp\/v2\/pages\/15\/revisions\/164"}],"wp:attachment":[{"href":"https:\/\/mkyambalaj.com.tr\/index.php\/wp-json\/wp\/v2\/media?parent=15"}],"curies":[{"name":"wp","href":"https:\/\/api.w.org\/{rel}","templated":true}]}}